{"id":378,"date":"2021-06-03T13:56:54","date_gmt":"2021-06-03T12:56:54","guid":{"rendered":"https:\/\/www.familylaw.es\/politica-de-cookies\/"},"modified":"2022-04-26T05:45:43","modified_gmt":"2022-04-26T04:45:43","slug":"politica-de-cookies","status":"publish","type":"page","link":"https:\/\/www.familylaw.es\/en\/politica-de-cookies\/","title":{"rendered":"Pol\u00edtica de cookies"},"content":{"rendered":"<h5>\u00bfQu\u00e9 son las cookies?<\/h5>\n<p>Una cookie es un fichero que se descarga en su ordenador al acceder a determinadas p\u00e1ginas web. Las cookies permiten a una p\u00e1gina web, entre otras cosas, almacenar y recuperar informaci\u00f3n sobre los h\u00e1bitos de navegaci\u00f3n de un usuario o de su equipo y, dependiendo de la informaci\u00f3n que contengan y de la forma en que utilice su equipo, pueden utilizarse para reconocer al usuario.<\/p>\n<p>\u00bfQu\u00e9 tipos de cookies utiliza esta p\u00e1gina web?<\/p>\n<p><strong>\u2022 Cookies propias:<\/strong> Son aqu\u00e9llas que se env\u00edan al equipo terminal del usuario desde un equipo o dominio gestionado por el propio editor y desde el que se presta el servicio solicitado por el usuario.<\/p>\n<p><strong>\u2022 Cookies de tercero:<\/strong> Son aqu\u00e9llas que se env\u00edan al equipo terminal del usuario desde un equipo o dominio que no es gestionado por el editor, sino por otra entidad que trata los datos obtenidos trav\u00e9s de las cookies.<\/p>\n<p><strong>\u2022 Cookies de sesi\u00f3n:<\/strong> Son un tipo de cookies dise\u00f1adas para recabar y almacenar datos mientras el usuario accede a una p\u00e1gina web.<\/p>\n<p><strong>\u2022 Cookies persistentes:<\/strong> Son un tipo de cookies en el que los datos siguen almacenados en el terminal y pueden ser accedidos y tratados durante un periodo definido por el responsable de la cookie, y que puede ir de unos minutos a varios a\u00f1os.<\/p>\n<p><strong>\u2022 Cookies de an\u00e1lisis: <\/strong>Son aqu\u00e9llas que bien tratadas por nosotros o por terceros, nos permiten cuantificar el n\u00famero de usuarios y as\u00ed realizar la medici\u00f3n y an\u00e1lisis estad\u00edstico de la utilizaci\u00f3n que hacen los usuarios del servicio ofertado. Para ello se analiza su navegaci\u00f3n en nuestra p\u00e1gina web con el fin de mejorar la oferta de productos o servicios que le ofrecemos. Las condiciones de utilizaci\u00f3n de estas cookies y la informaci\u00f3n recopilada se regula por la pol\u00edtica de privacidad de la herramienta de anal\u00edtica correspondiente:<\/p>\n<p>\u2714 <a href=\"https:\/\/piwik.org\/blog\/2011\/03\/piwik-1-2-custom-variables-first-party-cookies-and-more\/\" target=\"_blank\" rel=\"noopener\"><strong>Piwik<\/strong><\/a><br \/>\n\u2714 <a href=\"https:\/\/www.google.com\/policies\/privacy\/\" target=\"_blank\" rel=\"noopener\"><strong>Google Analytics<\/strong><\/a><br \/>\n\u2714 <a href=\"https:\/\/www.crazyegg.com\/privacy\" target=\"_blank\" rel=\"noopener\"><strong>Crazy Egg<\/strong><\/a><\/p>\n<p><strong>\u2022 Cookies publicitarias: <\/strong>Son aqu\u00e9llas que permiten la gesti\u00f3n, de la forma m\u00e1s eficaz posible, de los espacios publicitarios que, en su caso, el editor haya incluido en una p\u00e1gina web, aplicaci\u00f3n o plataforma desde la que presta el servicio solicitado en base a criterios como el contenido editado o la frecuencia en la que se muestran los anuncios.<\/p>\n<p><strong>\u2022 Cookies de publicidad comportamental: <\/strong>Son aqu\u00e9llas que permiten la gesti\u00f3n, de la forma m\u00e1s eficaz posible, de los espacios publicitarios que, en su caso, el editor haya incluido en una p\u00e1gina web, aplicaci\u00f3n o plataforma desde la que presta el servicio solicitado. Estas cookies almacenan informaci\u00f3n del comportamiento de los usuarios obtenida a trav\u00e9s de la observaci\u00f3n continuada de sus h\u00e1bitos de navegaci\u00f3n, lo que permite desarrollar un perfil espec\u00edfico para mostrar publicidad en funci\u00f3n del mismo<\/p>\n<p><strong>\u2022 Cookies sociales: <\/strong>Cookies de redes sociales externas, que se utilizan para que los visitantes puedan interactuar con el contenido de diferentes plataformas sociales (Facebook, Google, Twitter, LinkedIn, Addthis, etc.) y que se generan \u00fanicamente para los usuarios de dichas redes sociales. Las condiciones de utilizaci\u00f3n de estas cookies y la informaci\u00f3n recopilada se regula por la pol\u00edtica de privacidad de la plataforma social correspondiente:<\/p>\n<p>\u2714 <a href=\"https:\/\/es-es.facebook.com\/privacy\/explanation\" target=\"_blank\" rel=\"noopener\"><strong>Facebook<\/strong><\/a><br \/>\n\u2714 <a href=\"https:\/\/www.google.com\/intl\/es\/policies\/technologies\/cookies\/\" target=\"_blank\" rel=\"noopener\"><strong>Google<\/strong><\/a><br \/>\n\u2714 <a href=\"https:\/\/twitter.com\/privacy?lang=es\" target=\"_blank\" rel=\"noopener\"><strong>Twitter<\/strong><\/a><br \/>\n\u2714 <a href=\"https:\/\/www.linkedin.com\/legal\/cookie-policy\" target=\"_blank\" rel=\"noopener\"><strong>Linkedin<\/strong><\/a><br \/>\n\u2714 <a href=\"http:\/\/www.addthis.com\/privacy\" target=\"_blank\" rel=\"noopener\"><strong>AddThis<\/strong><\/a><\/p>\n<p>Utilizamos esta informaci\u00f3n para mejorar nuestras p\u00e1ginas, detectar nuevas necesidades y valorar las mejoras a introducir con la finalidad de prestar un mejor servicio a los usuarios que nos visitan adapt\u00e1ndolas por ejemplo a los navegadores o terminales m\u00e1s utilizados.<\/p>\n<p>Asimismo es posible que al visitar alguna pagina web o al abrir alg\u00fan email donde se publique alg\u00fan anuncio o alguna promoci\u00f3n sobre nuestros productos o servicios se instale en tu navegador alguna cookie que nos sirve para mostrarte posteriormente publicidad relacionada con la b\u00fasqueda que hayas realizado, desarrollar un control de nuestros anuncios en relaci\u00f3n, por ejemplo, con el numero de veces que son vistos, donde aparecen, a que hora se ven, etc.<\/p>\n<p>Revocaci\u00f3n y eliminaci\u00f3n de cookies<\/p>\n<p>Usted puede permitir, bloquear o eliminar las cookies instaladas en su equipo mediante la configuraci\u00f3n de las opciones del navegador instalado en su ordenador, en caso que no permita la instalaci\u00f3n de cookies en su navegador es posible que no pueda acceder a alguna de las secciones de nuestra web.<\/p>\n<p>Para permitir, conocer, bloquear o eliminar las cookies instaladas en tu equipo puedes hacerlo mediante la configuraci\u00f3n de las opciones del navegador instalado en su ordenador.<\/p>\n<p>Por ejemplo puedes encontrar informaci\u00f3n sobre como hacerlo como hacerlo en el caso que uses como navegador:<\/p>\n<p>\u2714 <a href=\"https:\/\/support.mozilla.org\/es\/kb\/habilitar-y-deshabilitar-cookies-que-los-sitios-we\" target=\"_blank\" rel=\"noopener\"><strong>Firefox<\/strong><\/a><br \/>\n\u2714 <a href=\"https:\/\/support.google.com\/chrome\/answer\/95647?hl=es\" target=\"_blank\" rel=\"noopener\"><strong>Chrome<\/strong><\/a><br \/>\n\u2714 <a href=\"https:\/\/support.microsoft.com\/es-es\/help\/17442\/windows-internet-explorer-delete-manage-cookies\" target=\"_blank\" rel=\"noopener\"><strong>Explorer<\/strong><\/a><br \/>\n\u2714 <a href=\"https:\/\/support.apple.com\/kb\/ph5042?locale=en_US\" target=\"_blank\" rel=\"noopener\"><strong>Safari<\/strong><\/a><\/p>\n","protected":false},"excerpt":{"rendered":"<p>\u00bfQu\u00e9 son las cookies? Una cookie es un fichero que se descarga en su ordenador al acceder a determinadas p\u00e1ginas web. Las cookies permiten a una p\u00e1gina web, entre otras cosas, almacenar y recuperar informaci\u00f3n sobre los h\u00e1bitos de navegaci\u00f3n de un usuario o de su equipo y, dependiendo de la informaci\u00f3n que contengan y [&hellip;]<\/p>\n","protected":false},"author":3,"featured_media":0,"parent":0,"menu_order":15,"comment_status":"closed","ping_status":"closed","template":"","meta":{"footnotes":""},"class_list":["post-378","page","type-page","status-publish","hentry"],"acf":[],"yoast_head":"<!-- This site is optimized with the Yoast SEO plugin v20.7 - https:\/\/yoast.com\/wordpress\/plugins\/seo\/ -->\n<title>Pol\u00edtica de cookies - Family Law<\/title>\n<meta name=\"description\" content=\"Pol\u00edtica de cookies - Family Law\" \/>\n<meta name=\"robots\" content=\"index, follow, max-snippet:-1, max-image-preview:large, max-video-preview:-1\" \/>\n<link rel=\"canonical\" href=\"https:\/\/www.familylaw.es\/en\/politica-de-cookies\/\" \/>\n<meta property=\"og:locale\" content=\"en_US\" \/>\n<meta property=\"og:type\" content=\"article\" \/>\n<meta property=\"og:title\" content=\"Pol\u00edtica de cookies - Family Law\" \/>\n<meta property=\"og:description\" content=\"Pol\u00edtica de cookies - Family Law\" \/>\n<meta property=\"og:url\" content=\"https:\/\/www.familylaw.es\/en\/politica-de-cookies\/\" \/>\n<meta property=\"og:site_name\" content=\"Family Law\" \/>\n<meta property=\"article:modified_time\" content=\"2022-04-26T04:45:43+00:00\" \/>\n<meta name=\"twitter:card\" content=\"summary_large_image\" \/>\n<meta name=\"twitter:label1\" content=\"Est. reading time\" \/>\n\t<meta name=\"twitter:data1\" content=\"4 minutes\" \/>\n<script type=\"application\/ld+json\" class=\"yoast-schema-graph\">{\"@context\":\"https:\/\/schema.org\",\"@graph\":[{\"@type\":\"WebPage\",\"@id\":\"https:\/\/www.familylaw.es\/en\/politica-de-cookies\/\",\"url\":\"https:\/\/www.familylaw.es\/en\/politica-de-cookies\/\",\"name\":\"Pol\u00edtica de cookies - Family Law\",\"isPartOf\":{\"@id\":\"https:\/\/www.familylaw.es\/en\/#website\"},\"datePublished\":\"2021-06-03T12:56:54+00:00\",\"dateModified\":\"2022-04-26T04:45:43+00:00\",\"description\":\"Pol\u00edtica de cookies - Family Law\",\"inLanguage\":\"en-US\",\"potentialAction\":[{\"@type\":\"ReadAction\",\"target\":[\"https:\/\/www.familylaw.es\/en\/politica-de-cookies\/\"]}]},{\"@type\":\"WebSite\",\"@id\":\"https:\/\/www.familylaw.es\/en\/#website\",\"url\":\"https:\/\/www.familylaw.es\/en\/\",\"name\":\"Family Law\",\"description\":\"\",\"potentialAction\":[{\"@type\":\"SearchAction\",\"target\":{\"@type\":\"EntryPoint\",\"urlTemplate\":\"https:\/\/www.familylaw.es\/en\/?s={search_term_string}\"},\"query-input\":\"required name=search_term_string\"}],\"inLanguage\":\"en-US\"}]}<\/script>\n<!-- \/ Yoast SEO plugin. -->","yoast_head_json":{"title":"Pol\u00edtica de cookies - Family Law","description":"Pol\u00edtica de cookies - Family Law","robots":{"index":"index","follow":"follow","max-snippet":"max-snippet:-1","max-image-preview":"max-image-preview:large","max-video-preview":"max-video-preview:-1"},"canonical":"https:\/\/www.familylaw.es\/en\/politica-de-cookies\/","og_locale":"en_US","og_type":"article","og_title":"Pol\u00edtica de cookies - Family Law","og_description":"Pol\u00edtica de cookies - Family Law","og_url":"https:\/\/www.familylaw.es\/en\/politica-de-cookies\/","og_site_name":"Family Law","article_modified_time":"2022-04-26T04:45:43+00:00","twitter_card":"summary_large_image","twitter_misc":{"Est. reading time":"4 minutes"},"schema":{"@context":"https:\/\/schema.org","@graph":[{"@type":"WebPage","@id":"https:\/\/www.familylaw.es\/en\/politica-de-cookies\/","url":"https:\/\/www.familylaw.es\/en\/politica-de-cookies\/","name":"Pol\u00edtica de cookies - Family Law","isPartOf":{"@id":"https:\/\/www.familylaw.es\/en\/#website"},"datePublished":"2021-06-03T12:56:54+00:00","dateModified":"2022-04-26T04:45:43+00:00","description":"Pol\u00edtica de cookies - Family Law","inLanguage":"en-US","potentialAction":[{"@type":"ReadAction","target":["https:\/\/www.familylaw.es\/en\/politica-de-cookies\/"]}]},{"@type":"WebSite","@id":"https:\/\/www.familylaw.es\/en\/#website","url":"https:\/\/www.familylaw.es\/en\/","name":"Family Law","description":"","potentialAction":[{"@type":"SearchAction","target":{"@type":"EntryPoint","urlTemplate":"https:\/\/www.familylaw.es\/en\/?s={search_term_string}"},"query-input":"required name=search_term_string"}],"inLanguage":"en-US"}]}},"_links":{"self":[{"href":"https:\/\/www.familylaw.es\/en\/wp-json\/wp\/v2\/pages\/378","targetHints":{"allow":["GET"]}}],"collection":[{"href":"https:\/\/www.familylaw.es\/en\/wp-json\/wp\/v2\/pages"}],"about":[{"href":"https:\/\/www.familylaw.es\/en\/wp-json\/wp\/v2\/types\/page"}],"author":[{"embeddable":true,"href":"https:\/\/www.familylaw.es\/en\/wp-json\/wp\/v2\/users\/3"}],"replies":[{"embeddable":true,"href":"https:\/\/www.familylaw.es\/en\/wp-json\/wp\/v2\/comments?post=378"}],"version-history":[{"count":1,"href":"https:\/\/www.familylaw.es\/en\/wp-json\/wp\/v2\/pages\/378\/revisions"}],"predecessor-version":[{"id":393,"href":"https:\/\/www.familylaw.es\/en\/wp-json\/wp\/v2\/pages\/378\/revisions\/393"}],"wp:attachment":[{"href":"https:\/\/www.familylaw.es\/en\/wp-json\/wp\/v2\/media?parent=378"}],"curies":[{"name":"wp","href":"https:\/\/api.w.org\/{rel}","templated":true}]}}